{"id":7055,"date":"2020-09-09T13:10:58","date_gmt":"2020-09-09T11:10:58","guid":{"rendered":"https:\/\/elhco.pruebasweb.com.es\/?page_id=7055"},"modified":"2024-10-31T13:18:42","modified_gmt":"2024-10-31T12:18:42","slug":"politica-de-privacitat","status":"publish","type":"page","link":"https:\/\/elhco.com\/ca\/politica-de-privacitat\/","title":{"rendered":"Pol\u00edtica de privacitat"},"content":{"rendered":"<div class=\"fusion-fullwidth fullwidth-box fusion-builder-row-1 fusion-flex-container nonhundred-percent-fullwidth non-hundred-percent-height-scrolling\" style=\"--awb-border-radius-top-left:0px;--awb-border-radius-top-right:0px;--awb-border-radius-bottom-right:0px;--awb-border-radius-bottom-left:0px;--awb-padding-top:4%;--awb-flex-wrap:wrap;\" ><div class=\"fusion-builder-row fusion-row fusion-flex-align-items-flex-start fusion-flex-content-wrap\" style=\"max-width:1300px;margin-left: calc(-4% \/ 2 );margin-right: calc(-4% \/ 2 );\"><div class=\"fusion-layout-column fusion_builder_column fusion-builder-column-0 fusion_builder_column_1_1 1_1 fusion-flex-column\" style=\"--awb-bg-size:cover;--awb-width-large:100%;--awb-margin-top-large:0px;--awb-spacing-right-large:1.92%;--awb-margin-bottom-large:20px;--awb-spacing-left-large:1.92%;--awb-width-medium:100%;--awb-order-medium:0;--awb-spacing-right-medium:1.92%;--awb-spacing-left-medium:1.92%;--awb-width-small:100%;--awb-order-small:0;--awb-spacing-right-small:1.92%;--awb-spacing-left-small:1.92%;\"><div class=\"fusion-column-wrapper fusion-column-has-shadow fusion-flex-justify-content-flex-start fusion-content-layout-column\"><div class=\"fusion-text fusion-text-1\" style=\"--awb-content-alignment:justify;\"><p><strong>ELECTROLESS HARD COAT, S.A.<\/strong>, mitjan\u00e7ant la present Pol\u00edtica de Privacitat informa als USUARIS del lloc web sobre la seva pol\u00edtica respecte al tractament i protecci\u00f3 de les dades de car\u00e0cter personal dels usuaris i clients que puguin ser recollits per la navegaci\u00f3 o la contractaci\u00f3 de serveis a trav\u00e9s del nostre lloc web.<\/p>\n<p>En aquest sentit, <strong>ELECTROLESS HARD COAT, S.A.<\/strong> li informa de que les seves dades seran tractades en conformitat amb les normatives vigents respecte a pol\u00edtica de privacitat, d\u2019acord amb l\u2019establert en el Reglament (UE) 2016\/679 de 27 d\u2019abril de 2016 (RGPD).<\/p>\n<p>L\u2019\u00fas d\u2019aquesta p\u00e0gina web implica l\u2019acceptaci\u00f3 de dita pol\u00edtica de privacitat.<\/p>\n<p><strong>Responsable del Tractament<\/strong><\/p>\n<p><strong>ELECTROLESS HARD COAT, S.A.<\/strong> \u00e9s titular de la p\u00e0gina web elhco.com<\/p>\n<p>Domicili social: <strong>Ctra. C-155 (Sabadell &#8211; Granollers) Km. 11.4 Pol\u00edgon La Serra Lli\u00e7\u00e0 de Vall (Barcelona)<\/strong><\/p>\n<p>Tel\u00e8fon: <strong>+34 93 844 52 30<\/strong><\/p>\n<p>Correu electr\u00f2nic: <a href=\"mailto:elhco@elhco.com\">elhco@elhco.com<\/a><\/p>\n<p><strong>1. Obtenci\u00f3 de dades<\/strong><\/p>\n<p><strong>ELECTROLESS HARD COAT, S.A.<\/strong> informa que les dades que s\u2019obtenen a trav\u00e9s de la nostra p\u00e0gina web, els formularis de la mateixa i les rebudes per correu electr\u00f2nic son aquelles que se\u2019ns faciliten volunt\u00e0riament per l\u2019usuari, les que es deriven de relacions i comunicacions amb l\u2019empresa i informaci\u00f3 que sigui leg\u00edtimament extra\u00efble de les dades que tractem.<\/p>\n<p>De la mateixa manera, tamb\u00e9 obtenim dades a trav\u00e9s d\u2019informaci\u00f3 de tercers que ens proporcioni el propi usuari o terceres persones previ consentiment del mateix, existint una base leg\u00edtima.<\/p>\n<p><strong>2. Finalitat de l\u2019obtenci\u00f3 i recollida de dades<\/strong><\/p>\n<p><strong>ELECTROLESS HARD COAT, S.A. <\/strong> tractar\u00e0 les dades que li siguin facilitades amb l\u2019objectiu d\u2019oferir-li els producte i\/o serveis que ens hagi contractat, gestionar les seves consultes o peticions i qualsevol altre sup\u00f2sit que sigui necessari per a complir les relacions comercials que mantingui amb nosaltres.<\/p>\n<p>Tanmateix, tamb\u00e9 es tractaran les dades per remitir-li comunicacions comercials, sempre amb el seu consentiment previ, aix\u00ed com per analitzar h\u00e0bits de navegaci\u00f3.<\/p>\n<p>En cas de voler formar part de l\u2019equip d\u2019 <strong>ELECTROLESS HARD COAT, S.A.<\/strong> es tractaran les dades dels usuaris i la documentaci\u00f3 que ens sigui facilitada amb la fi de valorar el perfil del\/de la candidat\/a i considerar-lo per a possibles vacants en l\u2019empresa.<\/p>\n<p><strong>3. Tractament de dades<\/strong><\/p>\n<p>De conformitat amb la normativa aplicable, <strong>ELECTROLESS HARD COAT, S.A.<\/strong> es compromet a tractar les dades a les que es tingui acc\u00e9s aplicant les mesures t\u00e8cniques, preventives i organitzatives adequades. D\u2019aquesta manera garantitzem el m\u00e0xim nivell de seguretat i uns nivells de confidencialitat, integritat i disponibilitat \u00f2ptims dels serveis i sistemes de tractaments de dades.<\/p>\n<p><strong>4. Comunicaci\u00f3 d\u2019informaci\u00f3 a tercers<\/strong><\/p>\n<p><strong>ELECTROLESS HARD COAT, S.A.<\/strong> informa als usuaris de que les seves dades personals no seran cedides a terceres organitzacions, amb la salvetat de que dita cessi\u00f3 de dades estigui amparada en una obligaci\u00f3 legal o quan la prestaci\u00f3 d\u2019un servei impliqui la necessitat d\u2019una relaci\u00f3 contractual amb un encarregat de tractament. En aquest \u00faltim cas, nom\u00e9s es dur\u00e0 a terme la cessi\u00f3 de dades al tercer quan <strong>ELECTROLESS HARD COAT, S.A.<\/strong> disposi del consentiment expr\u00e9s de l\u2019usuari.<\/p>\n<p>\u00c9s possible que alguns dels nostres prove\u00efdors, per exemple Google, processin dades fora de les fronteres de la Uni\u00f3 Europea. En aquests casos, exigim al prove\u00efdor estar adscrit a un protocol d\u2019adeq\u00fcaci\u00f3 de protecci\u00f3 de dades aprovat per la Uni\u00f3 Europea.<\/p>\n<p><strong>5. Temps de conservaci\u00f3 de les dades<\/strong><\/p>\n<p><strong>ELECTROLESS HARD COAT, S.A.<\/strong> conservar\u00e0 totes les dades de l\u2019usuari fins el moment en el que es sol\u00b7liciti expressament la seva supressi\u00f3 o, pel contrari, fins que acabi la relaci\u00f3 empresarial que l\u2019uneixi amb la nostre empresa. En aquest cas, les dades es suprimiran quan queden complerts els termes leagls previstos.<\/p>\n<p><strong>6. Drets dels usuaris<\/strong><\/p>\n<p>Vost\u00e8 sempre podr\u00e0 exercir els drets d\u2019acc\u00e8s, rectificaci\u00f3, supressi\u00f3, limitaci\u00f3, oposici\u00f3 i portabilitat d\u2019acord amb el previst en la normativa legal vigent en mat\u00e8ria de pol\u00edtica de privacitat.<\/p>\n<p>Per fer \u00fas d\u2019aquests drets, tindr\u00e0 que dirigir-se mitjan\u00e7ant comunicaci\u00f3 escrita, aportant documentaci\u00f3 que acrediti la seva identitat (DNI o passaport), a la seg\u00fcent direcci\u00f3:<\/p>\n<p><strong>ELECTROLESS HARD COAT, S.A., Ctra. C-155 (Sabadell &#8211; Granollers) Km. 11.4 Pol\u00edgon La Serra Lli\u00e7\u00e0 de Vall (Barcelona)<\/strong><\/p>\n<p>o mitjan\u00e7ant correu electr\u00f2nic: <a href=\"mailto:elhco@elhco.com\">elhco@elhco.com<\/a><\/p>\n<p>Aquesta comunicaci\u00f3 tindr\u00e0 que indicar de forma clara i concisa les seves dades identificatives i acreditatives, aix\u00ed com la seva sol\u00b7licitut respecte a les seves dades.<\/p>\n<p><strong>7. Responsabilitats dels usuaris<\/strong><\/p>\n<p>L\u2019usuari es responsabilitza de que totes les dades que es facilitin i s\u2019enviin a <strong>ELECTROLESS HARD COAT, S.A.<\/strong> siguin veraces, exactes, actualitzades, vigents i aut\u00e8ntiques.<\/p>\n<p>Tanmateix, tamb\u00e9 es responsable del consentiment que es dona a l\u2019empresa pel seu tractament i utilitzaci\u00f3. D\u2019aquesta manera, l\u2019usuari es fa responsable de les dades de tercers que ens pugui facilitar, respecte a les quals est\u00e0 obligat a tenir consentiment expr\u00e9s.<\/p>\n<p><strong>8. Legislaci\u00f3 i jurisdicci\u00f3<\/strong><\/p>\n<p>El fet d\u2019entrar en lloc web i en les aplicacions d\u2019 <strong>ELECTROLESS HARD COAT, S.A.<\/strong> implica l\u2019acceptaci\u00f3 de les condicions disposades en la present Pol\u00edtica de Privacitat. En cas de no acceptar aquestes condicions, tindr\u00e0 que evitar utilitzar i visitar la nostra p\u00e0gina web.<\/p>\n<p>Tot tipus d\u2019inconvenient i controv\u00e8rsia que pogu\u00e9s donar-se, es regir\u00e0 per la legislaci\u00f3 espanyola i es sotmetr\u00e0 als Jutjats i Tribunals de la ciutat m\u00e9s propera al domicili social d\u2019<strong>ELECTROLESS HARD COAT, S.A.<\/strong><\/p>\n<p><strong>M\u00c9S INFORMACI\u00d3<\/strong><\/p>\n<ul>\n<li><a href=\"\/ca\/avis-legal\/\">Av\u00eds legal<\/a><\/li>\n<li><a href=\"\/ca\/cookies\/\">Informaci\u00f3 sobre cookies<\/a><\/li>\n<\/ul>\n<\/div><\/div><\/div><\/div><\/div>\n","protected":false},"excerpt":{"rendered":"","protected":false},"author":1,"featured_media":6956,"parent":0,"menu_order":0,"comment_status":"closed","ping_status":"closed","template":"","meta":{"footnotes":""},"class_list":["post-7055","page","type-page","status-publish","has-post-thumbnail","hentry"],"yoast_head":"<!-- This site is optimized with the Yoast SEO plugin v27.3 - https:\/\/yoast.com\/product\/yoast-seo-wordpress\/ -->\n<title>Pol\u00edtica de privacitat \u2013 Empreses de recobriments galv\u00e0nics<\/title>\n<meta name=\"description\" content=\"Informaci\u00f3 sobre pol\u00edtica de privacitat en la web d\u2019Elhco \u2013 Empreses de recobriments galv\u00e0nics.\" \/>\n<meta name=\"robots\" content=\"index, follow, max-snippet:-1, max-image-preview:large, max-video-preview:-1\" \/>\n<link rel=\"canonical\" href=\"https:\/\/elhco.com\/ca\/politica-de-privacitat\/\" \/>\n<meta property=\"og:locale\" content=\"ca_ES\" \/>\n<meta property=\"og:type\" content=\"article\" \/>\n<meta property=\"og:title\" content=\"Pol\u00edtica de privacitat \u2013 Empreses de recobriments galv\u00e0nics\" \/>\n<meta property=\"og:description\" content=\"Informaci\u00f3 sobre pol\u00edtica de privacitat en la web d\u2019Elhco \u2013 Empreses de recobriments galv\u00e0nics.\" \/>\n<meta property=\"og:url\" content=\"https:\/\/elhco.com\/ca\/politica-de-privacitat\/\" \/>\n<meta property=\"og:site_name\" content=\"Elhco - Empresa de recubrimientos galv\u00e1nicos\" \/>\n<meta property=\"article:modified_time\" content=\"2024-10-31T12:18:42+00:00\" \/>\n<meta property=\"og:image\" content=\"https:\/\/elhco.com\/wp-content\/uploads\/c-legal.webp\" \/>\n\t<meta property=\"og:image:width\" content=\"1910\" \/>\n\t<meta property=\"og:image:height\" content=\"515\" \/>\n\t<meta property=\"og:image:type\" content=\"image\/webp\" \/>\n<meta name=\"twitter:card\" content=\"summary_large_image\" \/>\n<meta name=\"twitter:label1\" content=\"Temps estimat de lectura\" \/>\n\t<meta name=\"twitter:data1\" content=\"5 minuts\" \/>\n<script type=\"application\/ld+json\" class=\"yoast-schema-graph\">{\"@context\":\"https:\\\/\\\/schema.org\",\"@graph\":[{\"@type\":\"WebPage\",\"@id\":\"https:\\\/\\\/elhco.com\\\/ca\\\/politica-de-privacitat\\\/\",\"url\":\"https:\\\/\\\/elhco.com\\\/ca\\\/politica-de-privacitat\\\/\",\"name\":\"Pol\u00edtica de privacitat \u2013 Empreses de recobriments galv\u00e0nics\",\"isPartOf\":{\"@id\":\"https:\\\/\\\/elhco.com\\\/ca\\\/#website\"},\"primaryImageOfPage\":{\"@id\":\"https:\\\/\\\/elhco.com\\\/ca\\\/politica-de-privacitat\\\/#primaryimage\"},\"image\":{\"@id\":\"https:\\\/\\\/elhco.com\\\/ca\\\/politica-de-privacitat\\\/#primaryimage\"},\"thumbnailUrl\":\"https:\\\/\\\/elhco.com\\\/wp-content\\\/uploads\\\/c-legal.webp\",\"datePublished\":\"2020-09-09T11:10:58+00:00\",\"dateModified\":\"2024-10-31T12:18:42+00:00\",\"description\":\"Informaci\u00f3 sobre pol\u00edtica de privacitat en la web d\u2019Elhco \u2013 Empreses de recobriments galv\u00e0nics.\",\"breadcrumb\":{\"@id\":\"https:\\\/\\\/elhco.com\\\/ca\\\/politica-de-privacitat\\\/#breadcrumb\"},\"inLanguage\":\"ca\",\"potentialAction\":[{\"@type\":\"ReadAction\",\"target\":[\"https:\\\/\\\/elhco.com\\\/ca\\\/politica-de-privacitat\\\/\"]}]},{\"@type\":\"ImageObject\",\"inLanguage\":\"ca\",\"@id\":\"https:\\\/\\\/elhco.com\\\/ca\\\/politica-de-privacitat\\\/#primaryimage\",\"url\":\"https:\\\/\\\/elhco.com\\\/wp-content\\\/uploads\\\/c-legal.webp\",\"contentUrl\":\"https:\\\/\\\/elhco.com\\\/wp-content\\\/uploads\\\/c-legal.webp\",\"width\":1910,\"height\":515,\"caption\":\"Tratamientos superficiales Elhco - Electroless Hard Coat\"},{\"@type\":\"BreadcrumbList\",\"@id\":\"https:\\\/\\\/elhco.com\\\/ca\\\/politica-de-privacitat\\\/#breadcrumb\",\"itemListElement\":[{\"@type\":\"ListItem\",\"position\":1,\"name\":\"Portada\",\"item\":\"https:\\\/\\\/elhco.com\\\/ca\\\/\"},{\"@type\":\"ListItem\",\"position\":2,\"name\":\"Pol\u00edtica de privacitat\"}]},{\"@type\":\"WebSite\",\"@id\":\"https:\\\/\\\/elhco.com\\\/ca\\\/#website\",\"url\":\"https:\\\/\\\/elhco.com\\\/ca\\\/\",\"name\":\"Elhco - Empresa de recubrimientos galv\u00e1nicos\",\"description\":\"Tratamientos superficiales Elhco - Electroless Hard Coat\",\"publisher\":{\"@id\":\"https:\\\/\\\/elhco.com\\\/ca\\\/#organization\"},\"alternateName\":\"Tratamientos superficiales Elhco - Electroless Hard Coat\",\"potentialAction\":[{\"@type\":\"SearchAction\",\"target\":{\"@type\":\"EntryPoint\",\"urlTemplate\":\"https:\\\/\\\/elhco.com\\\/ca\\\/?s={search_term_string}\"},\"query-input\":{\"@type\":\"PropertyValueSpecification\",\"valueRequired\":true,\"valueName\":\"search_term_string\"}}],\"inLanguage\":\"ca\"},{\"@type\":\"Organization\",\"@id\":\"https:\\\/\\\/elhco.com\\\/ca\\\/#organization\",\"name\":\"Elhco, electroless hard coat, S.A.\",\"alternateName\":\"ELHCO\",\"url\":\"https:\\\/\\\/elhco.com\\\/ca\\\/\",\"logo\":{\"@type\":\"ImageObject\",\"inLanguage\":\"ca\",\"@id\":\"https:\\\/\\\/elhco.com\\\/ca\\\/#\\\/schema\\\/logo\\\/image\\\/\",\"url\":\"https:\\\/\\\/elhco.com\\\/wp-content\\\/uploads\\\/logo-azul-web-retina.webp\",\"contentUrl\":\"https:\\\/\\\/elhco.com\\\/wp-content\\\/uploads\\\/logo-azul-web-retina.webp\",\"width\":510,\"height\":200,\"caption\":\"Elhco, electroless hard coat, S.A.\"},\"image\":{\"@id\":\"https:\\\/\\\/elhco.com\\\/ca\\\/#\\\/schema\\\/logo\\\/image\\\/\"}}]}<\/script>\n<!-- \/ Yoast SEO plugin. -->","yoast_head_json":{"title":"Pol\u00edtica de privacitat \u2013 Empreses de recobriments galv\u00e0nics","description":"Informaci\u00f3 sobre pol\u00edtica de privacitat en la web d\u2019Elhco \u2013 Empreses de recobriments galv\u00e0nics.","robots":{"index":"index","follow":"follow","max-snippet":"max-snippet:-1","max-image-preview":"max-image-preview:large","max-video-preview":"max-video-preview:-1"},"canonical":"https:\/\/elhco.com\/ca\/politica-de-privacitat\/","og_locale":"ca_ES","og_type":"article","og_title":"Pol\u00edtica de privacitat \u2013 Empreses de recobriments galv\u00e0nics","og_description":"Informaci\u00f3 sobre pol\u00edtica de privacitat en la web d\u2019Elhco \u2013 Empreses de recobriments galv\u00e0nics.","og_url":"https:\/\/elhco.com\/ca\/politica-de-privacitat\/","og_site_name":"Elhco - Empresa de recubrimientos galv\u00e1nicos","article_modified_time":"2024-10-31T12:18:42+00:00","og_image":[{"width":1910,"height":515,"url":"https:\/\/elhco.com\/wp-content\/uploads\/c-legal.webp","type":"image\/webp"}],"twitter_card":"summary_large_image","twitter_misc":{"Temps estimat de lectura":"5 minuts"},"schema":{"@context":"https:\/\/schema.org","@graph":[{"@type":"WebPage","@id":"https:\/\/elhco.com\/ca\/politica-de-privacitat\/","url":"https:\/\/elhco.com\/ca\/politica-de-privacitat\/","name":"Pol\u00edtica de privacitat \u2013 Empreses de recobriments galv\u00e0nics","isPartOf":{"@id":"https:\/\/elhco.com\/ca\/#website"},"primaryImageOfPage":{"@id":"https:\/\/elhco.com\/ca\/politica-de-privacitat\/#primaryimage"},"image":{"@id":"https:\/\/elhco.com\/ca\/politica-de-privacitat\/#primaryimage"},"thumbnailUrl":"https:\/\/elhco.com\/wp-content\/uploads\/c-legal.webp","datePublished":"2020-09-09T11:10:58+00:00","dateModified":"2024-10-31T12:18:42+00:00","description":"Informaci\u00f3 sobre pol\u00edtica de privacitat en la web d\u2019Elhco \u2013 Empreses de recobriments galv\u00e0nics.","breadcrumb":{"@id":"https:\/\/elhco.com\/ca\/politica-de-privacitat\/#breadcrumb"},"inLanguage":"ca","potentialAction":[{"@type":"ReadAction","target":["https:\/\/elhco.com\/ca\/politica-de-privacitat\/"]}]},{"@type":"ImageObject","inLanguage":"ca","@id":"https:\/\/elhco.com\/ca\/politica-de-privacitat\/#primaryimage","url":"https:\/\/elhco.com\/wp-content\/uploads\/c-legal.webp","contentUrl":"https:\/\/elhco.com\/wp-content\/uploads\/c-legal.webp","width":1910,"height":515,"caption":"Tratamientos superficiales Elhco - Electroless Hard Coat"},{"@type":"BreadcrumbList","@id":"https:\/\/elhco.com\/ca\/politica-de-privacitat\/#breadcrumb","itemListElement":[{"@type":"ListItem","position":1,"name":"Portada","item":"https:\/\/elhco.com\/ca\/"},{"@type":"ListItem","position":2,"name":"Pol\u00edtica de privacitat"}]},{"@type":"WebSite","@id":"https:\/\/elhco.com\/ca\/#website","url":"https:\/\/elhco.com\/ca\/","name":"Elhco - Empresa de recubrimientos galv\u00e1nicos","description":"Tratamientos superficiales Elhco - Electroless Hard Coat","publisher":{"@id":"https:\/\/elhco.com\/ca\/#organization"},"alternateName":"Tratamientos superficiales Elhco - Electroless Hard Coat","potentialAction":[{"@type":"SearchAction","target":{"@type":"EntryPoint","urlTemplate":"https:\/\/elhco.com\/ca\/?s={search_term_string}"},"query-input":{"@type":"PropertyValueSpecification","valueRequired":true,"valueName":"search_term_string"}}],"inLanguage":"ca"},{"@type":"Organization","@id":"https:\/\/elhco.com\/ca\/#organization","name":"Elhco, electroless hard coat, S.A.","alternateName":"ELHCO","url":"https:\/\/elhco.com\/ca\/","logo":{"@type":"ImageObject","inLanguage":"ca","@id":"https:\/\/elhco.com\/ca\/#\/schema\/logo\/image\/","url":"https:\/\/elhco.com\/wp-content\/uploads\/logo-azul-web-retina.webp","contentUrl":"https:\/\/elhco.com\/wp-content\/uploads\/logo-azul-web-retina.webp","width":510,"height":200,"caption":"Elhco, electroless hard coat, S.A."},"image":{"@id":"https:\/\/elhco.com\/ca\/#\/schema\/logo\/image\/"}}]}},"_links":{"self":[{"href":"https:\/\/elhco.com\/ca\/wp-json\/wp\/v2\/pages\/7055","targetHints":{"allow":["GET"]}}],"collection":[{"href":"https:\/\/elhco.com\/ca\/wp-json\/wp\/v2\/pages"}],"about":[{"href":"https:\/\/elhco.com\/ca\/wp-json\/wp\/v2\/types\/page"}],"author":[{"embeddable":true,"href":"https:\/\/elhco.com\/ca\/wp-json\/wp\/v2\/users\/1"}],"replies":[{"embeddable":true,"href":"https:\/\/elhco.com\/ca\/wp-json\/wp\/v2\/comments?post=7055"}],"version-history":[{"count":1,"href":"https:\/\/elhco.com\/ca\/wp-json\/wp\/v2\/pages\/7055\/revisions"}],"predecessor-version":[{"id":8687,"href":"https:\/\/elhco.com\/ca\/wp-json\/wp\/v2\/pages\/7055\/revisions\/8687"}],"wp:featuredmedia":[{"embeddable":true,"href":"https:\/\/elhco.com\/ca\/wp-json\/wp\/v2\/media\/6956"}],"wp:attachment":[{"href":"https:\/\/elhco.com\/ca\/wp-json\/wp\/v2\/media?parent=7055"}],"curies":[{"name":"wp","href":"https:\/\/api.w.org\/{rel}","templated":true}]}}