{"id":7042,"date":"2020-09-09T13:13:22","date_gmt":"2020-09-09T11:13:22","guid":{"rendered":"https:\/\/elhco.pruebasweb.com.es\/?page_id=7042"},"modified":"2023-06-09T14:44:27","modified_gmt":"2023-06-09T12:44:27","slug":"cookies","status":"publish","type":"page","link":"https:\/\/elhco.com\/ca\/cookies\/","title":{"rendered":"Cookies"},"content":{"rendered":"<div class=\"fusion-fullwidth fullwidth-box fusion-builder-row-1 fusion-flex-container nonhundred-percent-fullwidth non-hundred-percent-height-scrolling\" style=\"--awb-border-radius-top-left:0px;--awb-border-radius-top-right:0px;--awb-border-radius-bottom-right:0px;--awb-border-radius-bottom-left:0px;--awb-padding-top:4%;--awb-flex-wrap:wrap;\" ><div class=\"fusion-builder-row fusion-row fusion-flex-align-items-flex-start fusion-flex-content-wrap\" style=\"max-width:1300px;margin-left: calc(-4% \/ 2 );margin-right: calc(-4% \/ 2 );\"><div class=\"fusion-layout-column fusion_builder_column fusion-builder-column-0 fusion_builder_column_1_1 1_1 fusion-flex-column\" style=\"--awb-bg-size:cover;--awb-width-large:100%;--awb-margin-top-large:0px;--awb-spacing-right-large:1.92%;--awb-margin-bottom-large:20px;--awb-spacing-left-large:1.92%;--awb-width-medium:100%;--awb-order-medium:0;--awb-spacing-right-medium:1.92%;--awb-spacing-left-medium:1.92%;--awb-width-small:100%;--awb-order-small:0;--awb-spacing-right-small:1.92%;--awb-spacing-left-small:1.92%;\"><div class=\"fusion-column-wrapper fusion-column-has-shadow fusion-flex-justify-content-flex-start fusion-content-layout-column\"><div class=\"fusion-text fusion-text-1\"><p>En el nostre lloc web utilitzem cookies pr\u00f2pies i de tercers (Google Analytics) per a millorar la teva experi\u00e8ncia d\u2019usuari i recollir dades estad\u00edstiques sobre l\u2019\u00fas de la nostra web per part dels usuaris. Les cookies s\u2019associen \u00fanicament al navegador que est\u00e0 utilitzant, de manera que no s\u2019emmagatzema cap tipus de dades personals sobre l\u2019usuari que visita la nostra p\u00e0gina web. Vost\u00e8 pot configurar el seu navegador per a que notifiqui i\/o refusi la instal\u00b7laci\u00f3 de les cookies, sense que aix\u00f2 perjudiqui la possibilitat de l\u2019usuari de poder accedir a les diferents zones de la web, excepte al servei de xat de suport t\u00e8cnic.<\/p>\n<p>Si navegues per la nostra web, estar\u00e0 acceptant l\u2019\u00fas de cookies en les condicions establertes en aquesta <strong>Pol\u00edtica de Cookies<\/strong>. Aquesta pol\u00edtica pot ser actualitzada, pel que et convidem a revisar-la de forma regular.<\/p>\n<h3>Qu\u00e8 son les cookies?<\/h3>\n<p>Son petits fitxers de dades que el servidor d\u2019Internet envia al dispositiu amb el que et connectes a les nostres webs i que aquest arxiva. S\u2019associen \u00fanicament al teu navegador i no proporcionen per si mateixes dades personals. Les cookies no poden danyar al teu dispositiu i a m\u00e9s son molt \u00fatils, ja que ens ajuden a identificar i resoldre errors.<\/p>\n<p>Si vols m\u00e9s informaci\u00f3 sobre el seu funcionament, et recomanem visitar <a href=\"http:\/\/www.allaboutcookies.org\" target=\"_blank\" rel=\"noopener noreferrer\"><strong>www.allaboutcookies.org <\/strong><\/a>i <a href=\"http:\/\/www.youronlinechoices.eu\/es\/\" target=\"_blank\" rel=\"noopener noreferrer\"><strong>www.youronlinechoices.eu<\/strong><\/a><\/p>\n<h3>Cookies de xarxes socials<\/h3>\n<p>En la nostra p\u00e0gina web s\u2019inclouen botons que els usuaris poden utilitzar, de forma senzilla i intuitiva, per a enlla\u00e7ar i compartir certs continguts en les xarxes socials com Facebook, Twitter, Google+, LinkedIn o Pinterest. Aquesta funcionalitat comporta l\u2019\u00fas de cookies que enllacen amb les p\u00e0gines web d\u2019aquestes xarxes socials, emmagatzemant la informaci\u00f3 \u00fanicament en elles.<\/p>\n<h3>Configuraci\u00f3 de les cookies<\/h3>\n<p>Pots consultar les passes per a deshabilitar l\u2019instal\u00b7laci\u00f3 de cookies en la secci\u00f3 d\u2019\u201dAjuda\u201d del teu navegador: Microsoft Internet Explorer, Google Chrome, Safari, Mozilla Firefox i Opera.<\/p>\n<p>Molts navegadors pemeten activar un mode privat mitjan\u00e7ant el qual les cookies s\u2019esborren sempre despr\u00e9s de la teva visita a la web. Depenent de cada navegador aquest mode privat pot tenir diferents noms. A continuaci\u00f3 trobar\u00e0 una llista dels navegadors m\u00e9s comuns i els diferents noms d\u2019aquest \u201cmode privat\u201d:<\/p>\n<ul>\n<li>Internet Explorer 8 i superior \u2013 InPrivate<\/li>\n<li>Microsoft Edge<\/li>\n<li>Opera 10.5 i superior \u2013 Navegaci\u00f3 Privada<\/li>\n<li>Google Chrome 10 i superior \u2013 Inc\u00f2gnit<\/li>\n<li>Safari 2 i superior \u2013 Navegaci\u00f3 Privada<\/li>\n<li>Firefox 3.5 i superior \u2013 Navegaci\u00f3 Privada<\/li>\n<\/ul>\n<p>A continuaci\u00f3 us detallem la relaci\u00f3 de cookies utilitzades per aquest lloc web.<\/p>\n<table class=\"tabla table\">\n<thead>\n<tr>\n<th>Cookie<\/th>\n<th>Tipus<\/th>\n<th>Duraci\u00f3<\/th>\n<th>Descripci\u00f3<\/th>\n<\/tr>\n<\/thead>\n<tbody>\n<tr>\n<td>qsaw<\/td>\n<td>Pr\u00f2pia<\/td>\n<td>3 dies<\/td>\n<td>Control d\u2019accessos des de Google Adwords<\/td>\n<\/tr>\n<tr>\n<td>qsfb<\/td>\n<td>Pr\u00f2pia<\/td>\n<td>3 dies<\/td>\n<td>Control d\u2019accessos des de Google Facebook<\/td>\n<\/tr>\n<tr>\n<td>_utmc<\/td>\n<td>De tercers<\/td>\n<td>Al finalitzar la sessi\u00f3 de navegaci\u00f3<\/td>\n<td>Utilitzada per Google Analytics.<\/td>\n<\/tr>\n<tr>\n<td>_utmv<\/td>\n<td>De tercers<\/td>\n<td>6 mesos<\/td>\n<td>Utilitzada por Google Analytics.<\/td>\n<\/tr>\n<tr>\n<td>_utmz<\/td>\n<td>De tercers<\/td>\n<td>2 anys<\/td>\n<td>Utilitzada por Google Analytics.<\/td>\n<\/tr>\n<tr>\n<td>__utma<\/td>\n<td>De tercers<\/td>\n<td>2 anys<\/td>\n<td>Utilitzada por Google Analytics.<\/td>\n<\/tr>\n<tr>\n<td>__utmb<\/td>\n<td>De tercers<\/td>\n<td>30 minuts<\/td>\n<td>Utilitzada por Google Analytics.<\/td>\n<\/tr>\n<\/tbody>\n<\/table>\n<p><strong>M\u00c9S INFORMACI\u00d3<\/strong><\/p>\n<ul>\n<li><a href=\"\/ca\/avis-legal\/\">Av\u00eds legal<\/a><\/li>\n<li><a href=\"\/ca\/politica-de-privacitat\/\">Pol\u00edtica de privacitat<\/a><\/li>\n<\/ul>\n<\/div><\/div><\/div><\/div><\/div>\n","protected":false},"excerpt":{"rendered":"","protected":false},"author":1,"featured_media":6956,"parent":0,"menu_order":0,"comment_status":"closed","ping_status":"closed","template":"","meta":{"footnotes":""},"class_list":["post-7042","page","type-page","status-publish","has-post-thumbnail","hentry"],"yoast_head":"<!-- This site is optimized with the Yoast SEO plugin v27.3 - https:\/\/yoast.com\/product\/yoast-seo-wordpress\/ -->\n<title>Informaci\u00f3 sobre cookies | Elhco<\/title>\n<meta name=\"description\" content=\"Realitzem tot tipus d\u2019acabats de superficies de peces: zinc-n\u00edquel, n\u00edquel qu\u00edmic, anoditzats, n\u00edquel tefl\u00f3, etc. Disposem de certificats de la normativa aeron\u00e0utica civil i militar.\" \/>\n<meta name=\"robots\" content=\"index, follow, max-snippet:-1, max-image-preview:large, max-video-preview:-1\" \/>\n<link rel=\"canonical\" href=\"https:\/\/elhco.com\/ca\/cookies\/\" \/>\n<meta property=\"og:locale\" content=\"ca_ES\" \/>\n<meta property=\"og:type\" content=\"article\" \/>\n<meta property=\"og:title\" content=\"Informaci\u00f3 sobre cookies | Elhco\" \/>\n<meta property=\"og:description\" content=\"Realitzem tot tipus d\u2019acabats de superficies de peces: zinc-n\u00edquel, n\u00edquel qu\u00edmic, anoditzats, n\u00edquel tefl\u00f3, etc. Disposem de certificats de la normativa aeron\u00e0utica civil i militar.\" \/>\n<meta property=\"og:url\" content=\"https:\/\/elhco.com\/ca\/cookies\/\" \/>\n<meta property=\"og:site_name\" content=\"Elhco - Empresa de recubrimientos galv\u00e1nicos\" \/>\n<meta property=\"article:modified_time\" content=\"2023-06-09T12:44:27+00:00\" \/>\n<meta property=\"og:image\" content=\"https:\/\/elhco.com\/wp-content\/uploads\/c-legal.webp\" \/>\n\t<meta property=\"og:image:width\" content=\"1910\" \/>\n\t<meta property=\"og:image:height\" content=\"515\" \/>\n\t<meta property=\"og:image:type\" content=\"image\/webp\" \/>\n<meta name=\"twitter:card\" content=\"summary_large_image\" \/>\n<meta name=\"twitter:label1\" content=\"Temps estimat de lectura\" \/>\n\t<meta name=\"twitter:data1\" content=\"4 minuts\" \/>\n<script type=\"application\/ld+json\" class=\"yoast-schema-graph\">{\"@context\":\"https:\\\/\\\/schema.org\",\"@graph\":[{\"@type\":\"WebPage\",\"@id\":\"https:\\\/\\\/elhco.com\\\/ca\\\/cookies\\\/\",\"url\":\"https:\\\/\\\/elhco.com\\\/ca\\\/cookies\\\/\",\"name\":\"Informaci\u00f3 sobre cookies | Elhco\",\"isPartOf\":{\"@id\":\"https:\\\/\\\/elhco.com\\\/ca\\\/#website\"},\"primaryImageOfPage\":{\"@id\":\"https:\\\/\\\/elhco.com\\\/ca\\\/cookies\\\/#primaryimage\"},\"image\":{\"@id\":\"https:\\\/\\\/elhco.com\\\/ca\\\/cookies\\\/#primaryimage\"},\"thumbnailUrl\":\"https:\\\/\\\/elhco.com\\\/wp-content\\\/uploads\\\/c-legal.webp\",\"datePublished\":\"2020-09-09T11:13:22+00:00\",\"dateModified\":\"2023-06-09T12:44:27+00:00\",\"description\":\"Realitzem tot tipus d\u2019acabats de superficies de peces: zinc-n\u00edquel, n\u00edquel qu\u00edmic, anoditzats, n\u00edquel tefl\u00f3, etc. Disposem de certificats de la normativa aeron\u00e0utica civil i militar.\",\"breadcrumb\":{\"@id\":\"https:\\\/\\\/elhco.com\\\/ca\\\/cookies\\\/#breadcrumb\"},\"inLanguage\":\"ca\",\"potentialAction\":[{\"@type\":\"ReadAction\",\"target\":[\"https:\\\/\\\/elhco.com\\\/ca\\\/cookies\\\/\"]}]},{\"@type\":\"ImageObject\",\"inLanguage\":\"ca\",\"@id\":\"https:\\\/\\\/elhco.com\\\/ca\\\/cookies\\\/#primaryimage\",\"url\":\"https:\\\/\\\/elhco.com\\\/wp-content\\\/uploads\\\/c-legal.webp\",\"contentUrl\":\"https:\\\/\\\/elhco.com\\\/wp-content\\\/uploads\\\/c-legal.webp\",\"width\":1910,\"height\":515,\"caption\":\"Tratamientos superficiales Elhco - Electroless Hard Coat\"},{\"@type\":\"BreadcrumbList\",\"@id\":\"https:\\\/\\\/elhco.com\\\/ca\\\/cookies\\\/#breadcrumb\",\"itemListElement\":[{\"@type\":\"ListItem\",\"position\":1,\"name\":\"Portada\",\"item\":\"https:\\\/\\\/elhco.com\\\/ca\\\/\"},{\"@type\":\"ListItem\",\"position\":2,\"name\":\"Cookies\"}]},{\"@type\":\"WebSite\",\"@id\":\"https:\\\/\\\/elhco.com\\\/ca\\\/#website\",\"url\":\"https:\\\/\\\/elhco.com\\\/ca\\\/\",\"name\":\"Elhco - Empresa de recubrimientos galv\u00e1nicos\",\"description\":\"Tratamientos superficiales Elhco - Electroless Hard Coat\",\"publisher\":{\"@id\":\"https:\\\/\\\/elhco.com\\\/ca\\\/#organization\"},\"alternateName\":\"Tratamientos superficiales Elhco - Electroless Hard Coat\",\"potentialAction\":[{\"@type\":\"SearchAction\",\"target\":{\"@type\":\"EntryPoint\",\"urlTemplate\":\"https:\\\/\\\/elhco.com\\\/ca\\\/?s={search_term_string}\"},\"query-input\":{\"@type\":\"PropertyValueSpecification\",\"valueRequired\":true,\"valueName\":\"search_term_string\"}}],\"inLanguage\":\"ca\"},{\"@type\":\"Organization\",\"@id\":\"https:\\\/\\\/elhco.com\\\/ca\\\/#organization\",\"name\":\"Elhco, electroless hard coat, S.A.\",\"alternateName\":\"ELHCO\",\"url\":\"https:\\\/\\\/elhco.com\\\/ca\\\/\",\"logo\":{\"@type\":\"ImageObject\",\"inLanguage\":\"ca\",\"@id\":\"https:\\\/\\\/elhco.com\\\/ca\\\/#\\\/schema\\\/logo\\\/image\\\/\",\"url\":\"https:\\\/\\\/elhco.com\\\/wp-content\\\/uploads\\\/logo-azul-web-retina.webp\",\"contentUrl\":\"https:\\\/\\\/elhco.com\\\/wp-content\\\/uploads\\\/logo-azul-web-retina.webp\",\"width\":510,\"height\":200,\"caption\":\"Elhco, electroless hard coat, S.A.\"},\"image\":{\"@id\":\"https:\\\/\\\/elhco.com\\\/ca\\\/#\\\/schema\\\/logo\\\/image\\\/\"}}]}<\/script>\n<!-- \/ Yoast SEO plugin. -->","yoast_head_json":{"title":"Informaci\u00f3 sobre cookies | Elhco","description":"Realitzem tot tipus d\u2019acabats de superficies de peces: zinc-n\u00edquel, n\u00edquel qu\u00edmic, anoditzats, n\u00edquel tefl\u00f3, etc. Disposem de certificats de la normativa aeron\u00e0utica civil i militar.","robots":{"index":"index","follow":"follow","max-snippet":"max-snippet:-1","max-image-preview":"max-image-preview:large","max-video-preview":"max-video-preview:-1"},"canonical":"https:\/\/elhco.com\/ca\/cookies\/","og_locale":"ca_ES","og_type":"article","og_title":"Informaci\u00f3 sobre cookies | Elhco","og_description":"Realitzem tot tipus d\u2019acabats de superficies de peces: zinc-n\u00edquel, n\u00edquel qu\u00edmic, anoditzats, n\u00edquel tefl\u00f3, etc. Disposem de certificats de la normativa aeron\u00e0utica civil i militar.","og_url":"https:\/\/elhco.com\/ca\/cookies\/","og_site_name":"Elhco - Empresa de recubrimientos galv\u00e1nicos","article_modified_time":"2023-06-09T12:44:27+00:00","og_image":[{"width":1910,"height":515,"url":"https:\/\/elhco.com\/wp-content\/uploads\/c-legal.webp","type":"image\/webp"}],"twitter_card":"summary_large_image","twitter_misc":{"Temps estimat de lectura":"4 minuts"},"schema":{"@context":"https:\/\/schema.org","@graph":[{"@type":"WebPage","@id":"https:\/\/elhco.com\/ca\/cookies\/","url":"https:\/\/elhco.com\/ca\/cookies\/","name":"Informaci\u00f3 sobre cookies | Elhco","isPartOf":{"@id":"https:\/\/elhco.com\/ca\/#website"},"primaryImageOfPage":{"@id":"https:\/\/elhco.com\/ca\/cookies\/#primaryimage"},"image":{"@id":"https:\/\/elhco.com\/ca\/cookies\/#primaryimage"},"thumbnailUrl":"https:\/\/elhco.com\/wp-content\/uploads\/c-legal.webp","datePublished":"2020-09-09T11:13:22+00:00","dateModified":"2023-06-09T12:44:27+00:00","description":"Realitzem tot tipus d\u2019acabats de superficies de peces: zinc-n\u00edquel, n\u00edquel qu\u00edmic, anoditzats, n\u00edquel tefl\u00f3, etc. Disposem de certificats de la normativa aeron\u00e0utica civil i militar.","breadcrumb":{"@id":"https:\/\/elhco.com\/ca\/cookies\/#breadcrumb"},"inLanguage":"ca","potentialAction":[{"@type":"ReadAction","target":["https:\/\/elhco.com\/ca\/cookies\/"]}]},{"@type":"ImageObject","inLanguage":"ca","@id":"https:\/\/elhco.com\/ca\/cookies\/#primaryimage","url":"https:\/\/elhco.com\/wp-content\/uploads\/c-legal.webp","contentUrl":"https:\/\/elhco.com\/wp-content\/uploads\/c-legal.webp","width":1910,"height":515,"caption":"Tratamientos superficiales Elhco - Electroless Hard Coat"},{"@type":"BreadcrumbList","@id":"https:\/\/elhco.com\/ca\/cookies\/#breadcrumb","itemListElement":[{"@type":"ListItem","position":1,"name":"Portada","item":"https:\/\/elhco.com\/ca\/"},{"@type":"ListItem","position":2,"name":"Cookies"}]},{"@type":"WebSite","@id":"https:\/\/elhco.com\/ca\/#website","url":"https:\/\/elhco.com\/ca\/","name":"Elhco - Empresa de recubrimientos galv\u00e1nicos","description":"Tratamientos superficiales Elhco - Electroless Hard Coat","publisher":{"@id":"https:\/\/elhco.com\/ca\/#organization"},"alternateName":"Tratamientos superficiales Elhco - Electroless Hard Coat","potentialAction":[{"@type":"SearchAction","target":{"@type":"EntryPoint","urlTemplate":"https:\/\/elhco.com\/ca\/?s={search_term_string}"},"query-input":{"@type":"PropertyValueSpecification","valueRequired":true,"valueName":"search_term_string"}}],"inLanguage":"ca"},{"@type":"Organization","@id":"https:\/\/elhco.com\/ca\/#organization","name":"Elhco, electroless hard coat, S.A.","alternateName":"ELHCO","url":"https:\/\/elhco.com\/ca\/","logo":{"@type":"ImageObject","inLanguage":"ca","@id":"https:\/\/elhco.com\/ca\/#\/schema\/logo\/image\/","url":"https:\/\/elhco.com\/wp-content\/uploads\/logo-azul-web-retina.webp","contentUrl":"https:\/\/elhco.com\/wp-content\/uploads\/logo-azul-web-retina.webp","width":510,"height":200,"caption":"Elhco, electroless hard coat, S.A."},"image":{"@id":"https:\/\/elhco.com\/ca\/#\/schema\/logo\/image\/"}}]}},"_links":{"self":[{"href":"https:\/\/elhco.com\/ca\/wp-json\/wp\/v2\/pages\/7042","targetHints":{"allow":["GET"]}}],"collection":[{"href":"https:\/\/elhco.com\/ca\/wp-json\/wp\/v2\/pages"}],"about":[{"href":"https:\/\/elhco.com\/ca\/wp-json\/wp\/v2\/types\/page"}],"author":[{"embeddable":true,"href":"https:\/\/elhco.com\/ca\/wp-json\/wp\/v2\/users\/1"}],"replies":[{"embeddable":true,"href":"https:\/\/elhco.com\/ca\/wp-json\/wp\/v2\/comments?post=7042"}],"version-history":[{"count":0,"href":"https:\/\/elhco.com\/ca\/wp-json\/wp\/v2\/pages\/7042\/revisions"}],"wp:featuredmedia":[{"embeddable":true,"href":"https:\/\/elhco.com\/ca\/wp-json\/wp\/v2\/media\/6956"}],"wp:attachment":[{"href":"https:\/\/elhco.com\/ca\/wp-json\/wp\/v2\/media?parent=7042"}],"curies":[{"name":"wp","href":"https:\/\/api.w.org\/{rel}","templated":true}]}}