{"id":6709,"date":"2020-09-09T13:03:59","date_gmt":"2020-09-09T11:03:59","guid":{"rendered":"https:\/\/elhco.pruebasweb.com.es\/?page_id=6709"},"modified":"2023-09-20T16:43:00","modified_gmt":"2023-09-20T14:43:00","slug":"avis-legal","status":"publish","type":"page","link":"https:\/\/elhco.com\/ca\/avis-legal\/","title":{"rendered":"Av\u00eds legal"},"content":{"rendered":"<div class=\"fusion-fullwidth fullwidth-box fusion-builder-row-1 fusion-flex-container nonhundred-percent-fullwidth non-hundred-percent-height-scrolling\" style=\"--awb-border-radius-top-left:0px;--awb-border-radius-top-right:0px;--awb-border-radius-bottom-right:0px;--awb-border-radius-bottom-left:0px;--awb-padding-top:4%;--awb-flex-wrap:wrap;\" ><div class=\"fusion-builder-row fusion-row fusion-flex-align-items-flex-start fusion-flex-content-wrap\" style=\"max-width:1300px;margin-left: calc(-4% \/ 2 );margin-right: calc(-4% \/ 2 );\"><div class=\"fusion-layout-column fusion_builder_column fusion-builder-column-0 fusion_builder_column_1_1 1_1 fusion-flex-column\" style=\"--awb-bg-size:cover;--awb-width-large:100%;--awb-margin-top-large:0px;--awb-spacing-right-large:1.92%;--awb-margin-bottom-large:20px;--awb-spacing-left-large:1.92%;--awb-width-medium:100%;--awb-order-medium:0;--awb-spacing-right-medium:1.92%;--awb-spacing-left-medium:1.92%;--awb-width-small:100%;--awb-order-small:0;--awb-spacing-right-small:1.92%;--awb-spacing-left-small:1.92%;\"><div class=\"fusion-column-wrapper fusion-column-has-shadow fusion-flex-justify-content-flex-start fusion-content-layout-column\"><div class=\"fusion-text fusion-text-1 justificado\"><p>En compliment de la Llei 34\/2002 de Serveis de la Societat de la Informaci\u00f3 i de Comer\u00e7 d\u2019Espanya, li informem que aquesta web \u00e9s propietat d\u2019<strong>Electroless Hard Coat, S.A.<\/strong>, amb domicili social situa en Ctra. C-155 (Sabadell-Granollers) Km.11.4, Pol\u00edgon La Serra 08185 Lli\u00e7\u00e0 de Vell Barcelona \u2013 ESPANYA amb NIF A08802308.<\/p>\n<p>Aquesta web es regeix per la normativa exclusivament aplicable a Espanya, quedant sotmesa a ella, tant nacionals com estrangers que utilitzin aquesta web.<\/p>\n<p>L\u2019acc\u00e9s a la nostra web per part de l\u2019USUARI \u00e9s gratuit i est\u00e0 condicionat a la pr\u00e8via lectura i acceptaci\u00f3 \u00edntegra, expressa i sense reserves de les presents CONDICIONS GENERALS D\u2019\u00daS vigents en el moment de l\u2019acc\u00e9s, que preguem llegeixi detingudament. L\u2019USUARI, en el moment que utilitza la nostra web, els seus continguts o serveis, accepta i es sotmet expressament a les condicions generals d\u2019\u00fas de la mateixa.<\/p>\n<p>En qualsevol moment podrem modificar la presentaci\u00f3 i configuraci\u00f3 d\u2019aquesta web, ampliar o reduir serveis, i incl\u00fas suprimir-la de la xarxa, aix\u00ed com els serveis i continguts proporcionats, tot aix\u00f2 de forma unilateral i sense previ av\u00eds.<\/p>\n<p><strong>PROPIETAT INTEL\u00b7LECTUAL<\/strong><\/p>\n<p>Tots els continguts, textos, imatges, i codis font s\u00f3n propietat d\u2019<strong>Electroless Hard Coat, S.A.<\/strong> o de tercers als que s\u2019ha adquirit els seus drets d\u2019explotaci\u00f3 i estan protegits pels drets de Propietat Intel\u00b7lectual i Industrial.<\/p>\n<p>L\u2019USUARI \u00fanicament t\u00e9 dret a un \u00fas privat dels mateixos, sense \u00e0nim de lucre, i necessita autoritzaci\u00f3 expressa d\u2019<strong>Electroless Hard Coat, S.A.<\/strong> i\/o el titular dels drets per a modificar-los, reproduir-los, explotar-los, distribuir-los o qualsevol dret pertinent al seu titular.<\/p>\n<p>L\u2019establiment d\u2019enlla\u00e7os a la nostra web no confereix cap dret sobre la mateixa i s\u2019autoritzen exclusivament per permetre l\u2019acc\u00e9s a la nostra web, quedant prohibida la reproducci\u00f3 total o parcial de les imatges i\/o continguts de la nostra web en altres p\u00e0gines. Tanmateix, el simple fet d\u2019establir un enlla\u00e7 a la nostra web no dona dret a atorgar-se la categoria de col\u00b7laborador o soci d\u2019<strong>Electroless Hard Coat, S.A.<\/strong><\/p>\n<p>Est\u00e0 absolutament prohibida la imitaci\u00f3, ja sigui total o parcial, de la nostra web.<\/p>\n<p><strong>CONDICIONS D\u2019ACC\u00c9S<\/strong><\/p>\n<p>L\u2019acc\u00e9s a la nostra web \u00e9s gratu\u00eft i no exigeix pr\u00e8via suscripci\u00f3 o registre. No obstant, <strong>Electroless Hard Coat, S.A.<\/strong> es reserva el dret d\u2019oferir serveis que requereixin el registre previ de l\u2019USUARI. En tot cas, aquests serveis quedaran degudament identificats a la web, amb f\u00e0cils indicacions pel seu registre.<\/p>\n<p>L\u2019USUARI deu accedir a la nostra web conforma a la bona fe, les normes d\u2019ordre p\u00fablic, a les presents Condicions Generals d\u2019\u00fas. L\u2019acc\u00e9s al nostre lloc web es realitza sota la propia i exclusiva responsabilitat de l\u2019USUARI, que respondr\u00e0 en tot cas dels danys i perjudicis que pugui causar a tercers o a nosaltres mateixos.<\/p>\n<p>L\u2019USUARI t\u00e9 expressament prohibida la utilitzaci\u00f3 i obtenci\u00f3 dels serveis i continguts oferits en la present web, per procediments diferents las estipulats en les presents condicions d\u2019\u00fas, i en el seu cas en les condicions particulars que regulen l\u2019adquisici\u00f3 de determinats serveis.<\/p>\n<p>Tenint en compte la impossibilitat de control respecte a la informaci\u00f3, continguts i serveis que continguin altres websites als que es pugui accedir a trav\u00e9s dels enlla\u00e7os que la nostra web posa a la seva disposici\u00f3, li comuniquem que <strong>Electroless Hard Coat, S.A.<\/strong> queda eximida de qualsevol responsabilitat pels danys i perjudicis de tota classe que puguessin derivar per l\u2019utilitzaci\u00f3 d\u2019aquestes p\u00e0gines web alienes a la nostra per part de l\u2019USUARI. <strong>Electroless Hard Coat, S.A.<\/strong> es reserva el dret d\u2019exercitar les accions legals oportunes contra aquells USUARIS que vulnerin les presents condicions generals d\u2019\u00fas, acceptant l\u2019USUARI que la no iniciaci\u00f3 d\u2019aquestes accions no constitueix una ren\u00fancia formal a les mateixes, romanent aquestes vigents fins els pla\u00e7os de prescripci\u00f3 de les infraccions.<\/p>\n<p><strong>RESPONSABILITATS<\/strong><\/p>\n<p>Al posar a disposici\u00f3 de l\u2019USUARI aquesta web volem oferir-li una s\u00e8rie de continguts i serveis de qualitat, utilitzant la m\u00e0xima dilig\u00e8ncia en la prestaci\u00f3 dels mateixos aix\u00ed com en els mitjans tecnol\u00f2gics utilitzats. No obstant, no respondrem de la pres\u00e8ncia de virus i altres elements que d\u2019alguna manera puguin danyar el sistema inform\u00e0tic de l\u2019USUARI.<\/p>\n<p>L\u2019USUARI t\u00e9 prohibit qualsevol tipus d\u2019acci\u00f3 sobre la nostra web que origini una sobrec\u00e0rrega als nostres sistemes inform\u00e0tics, aix\u00ed com la introducci\u00f3 de virus, instal\u00b7laci\u00f3 de robots o de software que alteri el normal funcionament de la nostra web, o en definitiva pugui causar danys als nostres sistemes inform\u00e0tics.<\/p>\n<p>L\u2019USUARI assumeix tota la responsabilitat derivada de l\u2019us de la nostra web, sent l\u2019\u00fanic responsable de tot efecte directe o indirecte que sobre la web es derivi, incloent, de forna enunciativa i no limitativam tot resultat econ\u00f2mic, t\u00e8cnic i\/o jur\u00eddic advers, aix\u00ed com la defraudaci\u00f3 de les expectatives generades pel nostre portal, obligant-se l\u2019USUARI a mantenir indemne a <strong>Electroless Hard Coat, S.A.<\/strong> per qualssevol reclamacions derivades, directa o indirectament de tals fets.<\/p>\n<p><strong>Electroless Hard Coat, S.A.<\/strong> queda exonerada de responsabilitat per qualsevol reclamaci\u00f3 respecte als drets de propietat intel\u00b7lectual dels articles i imatges publicades en el seu portal, aix\u00ed com, no garantitza l\u2019exactitut, veracitat i vig\u00e8ncia dels continguts d\u2019aquesta web, ja siguin propis, de tercers, o enlla\u00e7ables a altres websites, quedant totalment exonerada de qualsevol responsabilitat derivada de l\u2019\u00fas de la mateixa.<\/p>\n<p><strong>Electroless Hard Coat, S.A.<\/strong> queda exonerada de qualsevol responsabilitat derivada de qualsevol reclamaci\u00f3, incl\u00f2s el pagament d\u2019honoraris a advocats, per les demandes i reclamacions originades per tercers per l\u2019incompliment per part de l\u2019USUARI de les nostres condicions d\u2019\u00fas, acc\u00e9s i pol\u00edtica de privacitat, o qualsevol altra reclamaci\u00f3 per l\u2019incompliment de la legislaci\u00f3 vigent.<\/p>\n<p>L\u2019USUARI reconeix que ha ent\u00e8s tota la informaci\u00f3 respecte a les condicions d\u2019\u00fas del nostre portal, i reconeix que s\u00f3n suficients per a l\u2019exclusi\u00f3 de l\u2019error en les mateixes, i per tant, les accepta \u00edntegra i expressament.<\/p>\n<p>L\u2019USUARI \u00e9s plenament conscient de que simple navegaci\u00f3 per la present web, aix\u00ed com la utilitzaci\u00f3 dels seus serveis, implica l\u2019acceptaci\u00f3 de les presents condicions d\u2019\u00fas.<\/p>\n<p>Tot el referent a la nostra web, es regeix exclusivament per les lleis espanyoles. En el cas de que es produeixi qualsevol tipus de discrep\u00e0ncia o difer\u00e8ncia entre les parts en relaci\u00f3 amb la interpretaci\u00f3 i contingut de la present web, totes les parts es sotmeten, amb ren\u00fancia expressa a qualsevol altre fur, als jutjats i tribunals de Barcelona.<\/p>\n<p><strong>GOOGLE ANALYTICS<\/strong><\/p>\n<p>Aquesta p\u00e0gina web utilitza Google Analytics, un servei anal\u00edtic de web prestat per Google, Inc., l&#8217;oficina principal del qual est\u00e0 a Amphitheatre Parkway, Mountain View (California), CA 94043, Estats Units (\u201cGoogle\u201d).<\/p>\n<p>Google analyics utilitza \u201ccookies\u201d, que s\u00f3n arxius de text ubicats en el seu ordinador, per ajudar al website a analitzar l\u2019\u00fas que fan els usuaris del lloc web.<\/p>\n<p>La informaci\u00f3 que genera la cookie sobre el seu \u00fas del website (incloent la seva direcci\u00f3 IP) ser\u00e0 directament transmesa i arxivada per Google en els servidors d\u2019Estats Units.<\/p>\n<p>Google utilitzar\u00e0 aquesta informaci\u00f3 pel nostre compte amb el pro\u00f2sit de seguir la pista del seu \u00fas del website, recopilant informes de l\u2019activitat del website i prestant altres serveis relacionats amb l\u2019activitat del website i l\u2019\u00fas d\u2019Internet.<\/p>\n<p>Google podr\u00e0 transmetre aquesta informaci\u00f3 a tercers quan aix\u00ed ho requereixi la legislaci\u00f3, o quan dits tercers processen la informaci\u00f3 per compte de Google.<\/p>\n<p>Google no associar\u00e0 la seva direcci\u00f3 IP amb cap altra dada de la que disposi Google.<\/p>\n<p>Aquesta web pot fer \u00fas de \u201ctracking tags\u201d en determinades p\u00e0gines per a medici\u00f3 i optimitzaci\u00f3 de campanyes de marketing de resultats, no emmagatzemant-se en cap cas informaci\u00f3 personal de l\u2019usuari.<\/p>\n<p>L\u2019USUARI pot refusar el tractament de les dades o la informaci\u00f3 refusant l\u2019\u00fas de cookies mitja\u00e7ant la selecci\u00f3 de la configuraci\u00f3 apropiada del seu navegador, no obstant, deu saber que si ho fa pot ser que es pugui utilitzar la plena funcionalitat d\u2019aquesta web. A l\u2019utilitzar aquesta web, l\u2019USUARI consenteix el tractament d\u2019aquesta informaci\u00f3 per Google en la forma i pels fins adalt indicats.<\/p>\n<p><strong>M\u00c9S INFORMACI\u00d3<\/strong><\/p>\n<ul>\n<li><a href=\"\/ca\/politica-de-privacitat\/\">Pol\u00edtica de privacitat<\/a><\/li>\n<li><a href=\"\/ca\/cookies\/\">Informaci\u00f3 sobre cookies<\/a><\/li>\n<\/ul>\n<\/div><\/div><\/div><\/div><\/div>\n","protected":false},"excerpt":{"rendered":"","protected":false},"author":1,"featured_media":6956,"parent":0,"menu_order":0,"comment_status":"closed","ping_status":"closed","template":"","meta":{"footnotes":""},"class_list":["post-6709","page","type-page","status-publish","has-post-thumbnail","hentry"],"yoast_head":"<!-- This site is optimized with the Yoast SEO plugin v27.4 - https:\/\/yoast.com\/product\/yoast-seo-wordpress\/ -->\n<title>ELHCO- Empresa de recobriments galv\u00e0nics<\/title>\n<meta name=\"description\" content=\"Realitzem tot tipus d\u2019acabats de superf\u00edcies de peces: zinc-n\u00edquel, n\u00edquel qu\u00edmic, anoditzats, n\u00edquel tefl\u00f3, etc. Disposem de certificats de la normativa aeron\u00e0utica civil i militar.\" \/>\n<meta name=\"robots\" content=\"index, follow, max-snippet:-1, max-image-preview:large, max-video-preview:-1\" \/>\n<link rel=\"canonical\" href=\"https:\/\/elhco.com\/ca\/avis-legal\/\" \/>\n<meta property=\"og:locale\" content=\"ca_ES\" \/>\n<meta property=\"og:type\" content=\"article\" \/>\n<meta property=\"og:title\" content=\"ELHCO- Empresa de recobriments galv\u00e0nics\" \/>\n<meta property=\"og:description\" content=\"Realitzem tot tipus d\u2019acabats de superf\u00edcies de peces: zinc-n\u00edquel, n\u00edquel qu\u00edmic, anoditzats, n\u00edquel tefl\u00f3, etc. Disposem de certificats de la normativa aeron\u00e0utica civil i militar.\" \/>\n<meta property=\"og:url\" content=\"https:\/\/elhco.com\/ca\/avis-legal\/\" \/>\n<meta property=\"og:site_name\" content=\"Elhco - Empresa de recubrimientos galv\u00e1nicos\" \/>\n<meta property=\"article:modified_time\" content=\"2023-09-20T14:43:00+00:00\" \/>\n<meta property=\"og:image\" content=\"https:\/\/elhco.com\/wp-content\/uploads\/c-legal.webp\" \/>\n\t<meta property=\"og:image:width\" content=\"1910\" \/>\n\t<meta property=\"og:image:height\" content=\"515\" \/>\n\t<meta property=\"og:image:type\" content=\"image\/webp\" \/>\n<meta name=\"twitter:card\" content=\"summary_large_image\" \/>\n<meta name=\"twitter:label1\" content=\"Temps estimat de lectura\" \/>\n\t<meta name=\"twitter:data1\" content=\"7 minuts\" \/>\n<script type=\"application\/ld+json\" class=\"yoast-schema-graph\">{\"@context\":\"https:\\\/\\\/schema.org\",\"@graph\":[{\"@type\":\"WebPage\",\"@id\":\"https:\\\/\\\/elhco.com\\\/ca\\\/avis-legal\\\/\",\"url\":\"https:\\\/\\\/elhco.com\\\/ca\\\/avis-legal\\\/\",\"name\":\"ELHCO- Empresa de recobriments galv\u00e0nics\",\"isPartOf\":{\"@id\":\"https:\\\/\\\/elhco.com\\\/ca\\\/#website\"},\"primaryImageOfPage\":{\"@id\":\"https:\\\/\\\/elhco.com\\\/ca\\\/avis-legal\\\/#primaryimage\"},\"image\":{\"@id\":\"https:\\\/\\\/elhco.com\\\/ca\\\/avis-legal\\\/#primaryimage\"},\"thumbnailUrl\":\"https:\\\/\\\/elhco.com\\\/wp-content\\\/uploads\\\/c-legal.webp\",\"datePublished\":\"2020-09-09T11:03:59+00:00\",\"dateModified\":\"2023-09-20T14:43:00+00:00\",\"description\":\"Realitzem tot tipus d\u2019acabats de superf\u00edcies de peces: zinc-n\u00edquel, n\u00edquel qu\u00edmic, anoditzats, n\u00edquel tefl\u00f3, etc. Disposem de certificats de la normativa aeron\u00e0utica civil i militar.\",\"breadcrumb\":{\"@id\":\"https:\\\/\\\/elhco.com\\\/ca\\\/avis-legal\\\/#breadcrumb\"},\"inLanguage\":\"ca\",\"potentialAction\":[{\"@type\":\"ReadAction\",\"target\":[\"https:\\\/\\\/elhco.com\\\/ca\\\/avis-legal\\\/\"]}]},{\"@type\":\"ImageObject\",\"inLanguage\":\"ca\",\"@id\":\"https:\\\/\\\/elhco.com\\\/ca\\\/avis-legal\\\/#primaryimage\",\"url\":\"https:\\\/\\\/elhco.com\\\/wp-content\\\/uploads\\\/c-legal.webp\",\"contentUrl\":\"https:\\\/\\\/elhco.com\\\/wp-content\\\/uploads\\\/c-legal.webp\",\"width\":1910,\"height\":515,\"caption\":\"Tratamientos superficiales Elhco - Electroless Hard Coat\"},{\"@type\":\"BreadcrumbList\",\"@id\":\"https:\\\/\\\/elhco.com\\\/ca\\\/avis-legal\\\/#breadcrumb\",\"itemListElement\":[{\"@type\":\"ListItem\",\"position\":1,\"name\":\"Portada\",\"item\":\"https:\\\/\\\/elhco.com\\\/ca\\\/\"},{\"@type\":\"ListItem\",\"position\":2,\"name\":\"Av\u00eds legal\"}]},{\"@type\":\"WebSite\",\"@id\":\"https:\\\/\\\/elhco.com\\\/ca\\\/#website\",\"url\":\"https:\\\/\\\/elhco.com\\\/ca\\\/\",\"name\":\"Elhco - Empresa de recubrimientos galv\u00e1nicos\",\"description\":\"Tratamientos superficiales Elhco - Electroless Hard Coat\",\"publisher\":{\"@id\":\"https:\\\/\\\/elhco.com\\\/ca\\\/#organization\"},\"alternateName\":\"Tratamientos superficiales Elhco - Electroless Hard Coat\",\"potentialAction\":[{\"@type\":\"SearchAction\",\"target\":{\"@type\":\"EntryPoint\",\"urlTemplate\":\"https:\\\/\\\/elhco.com\\\/ca\\\/?s={search_term_string}\"},\"query-input\":{\"@type\":\"PropertyValueSpecification\",\"valueRequired\":true,\"valueName\":\"search_term_string\"}}],\"inLanguage\":\"ca\"},{\"@type\":\"Organization\",\"@id\":\"https:\\\/\\\/elhco.com\\\/ca\\\/#organization\",\"name\":\"Elhco, electroless hard coat, S.A.\",\"alternateName\":\"ELHCO\",\"url\":\"https:\\\/\\\/elhco.com\\\/ca\\\/\",\"logo\":{\"@type\":\"ImageObject\",\"inLanguage\":\"ca\",\"@id\":\"https:\\\/\\\/elhco.com\\\/ca\\\/#\\\/schema\\\/logo\\\/image\\\/\",\"url\":\"https:\\\/\\\/elhco.com\\\/wp-content\\\/uploads\\\/logo-azul-web-retina.webp\",\"contentUrl\":\"https:\\\/\\\/elhco.com\\\/wp-content\\\/uploads\\\/logo-azul-web-retina.webp\",\"width\":510,\"height\":200,\"caption\":\"Elhco, electroless hard coat, S.A.\"},\"image\":{\"@id\":\"https:\\\/\\\/elhco.com\\\/ca\\\/#\\\/schema\\\/logo\\\/image\\\/\"}}]}<\/script>\n<!-- \/ Yoast SEO plugin. -->","yoast_head_json":{"title":"ELHCO- Empresa de recobriments galv\u00e0nics","description":"Realitzem tot tipus d\u2019acabats de superf\u00edcies de peces: zinc-n\u00edquel, n\u00edquel qu\u00edmic, anoditzats, n\u00edquel tefl\u00f3, etc. Disposem de certificats de la normativa aeron\u00e0utica civil i militar.","robots":{"index":"index","follow":"follow","max-snippet":"max-snippet:-1","max-image-preview":"max-image-preview:large","max-video-preview":"max-video-preview:-1"},"canonical":"https:\/\/elhco.com\/ca\/avis-legal\/","og_locale":"ca_ES","og_type":"article","og_title":"ELHCO- Empresa de recobriments galv\u00e0nics","og_description":"Realitzem tot tipus d\u2019acabats de superf\u00edcies de peces: zinc-n\u00edquel, n\u00edquel qu\u00edmic, anoditzats, n\u00edquel tefl\u00f3, etc. Disposem de certificats de la normativa aeron\u00e0utica civil i militar.","og_url":"https:\/\/elhco.com\/ca\/avis-legal\/","og_site_name":"Elhco - Empresa de recubrimientos galv\u00e1nicos","article_modified_time":"2023-09-20T14:43:00+00:00","og_image":[{"width":1910,"height":515,"url":"https:\/\/elhco.com\/wp-content\/uploads\/c-legal.webp","type":"image\/webp"}],"twitter_card":"summary_large_image","twitter_misc":{"Temps estimat de lectura":"7 minuts"},"schema":{"@context":"https:\/\/schema.org","@graph":[{"@type":"WebPage","@id":"https:\/\/elhco.com\/ca\/avis-legal\/","url":"https:\/\/elhco.com\/ca\/avis-legal\/","name":"ELHCO- Empresa de recobriments galv\u00e0nics","isPartOf":{"@id":"https:\/\/elhco.com\/ca\/#website"},"primaryImageOfPage":{"@id":"https:\/\/elhco.com\/ca\/avis-legal\/#primaryimage"},"image":{"@id":"https:\/\/elhco.com\/ca\/avis-legal\/#primaryimage"},"thumbnailUrl":"https:\/\/elhco.com\/wp-content\/uploads\/c-legal.webp","datePublished":"2020-09-09T11:03:59+00:00","dateModified":"2023-09-20T14:43:00+00:00","description":"Realitzem tot tipus d\u2019acabats de superf\u00edcies de peces: zinc-n\u00edquel, n\u00edquel qu\u00edmic, anoditzats, n\u00edquel tefl\u00f3, etc. Disposem de certificats de la normativa aeron\u00e0utica civil i militar.","breadcrumb":{"@id":"https:\/\/elhco.com\/ca\/avis-legal\/#breadcrumb"},"inLanguage":"ca","potentialAction":[{"@type":"ReadAction","target":["https:\/\/elhco.com\/ca\/avis-legal\/"]}]},{"@type":"ImageObject","inLanguage":"ca","@id":"https:\/\/elhco.com\/ca\/avis-legal\/#primaryimage","url":"https:\/\/elhco.com\/wp-content\/uploads\/c-legal.webp","contentUrl":"https:\/\/elhco.com\/wp-content\/uploads\/c-legal.webp","width":1910,"height":515,"caption":"Tratamientos superficiales Elhco - Electroless Hard Coat"},{"@type":"BreadcrumbList","@id":"https:\/\/elhco.com\/ca\/avis-legal\/#breadcrumb","itemListElement":[{"@type":"ListItem","position":1,"name":"Portada","item":"https:\/\/elhco.com\/ca\/"},{"@type":"ListItem","position":2,"name":"Av\u00eds legal"}]},{"@type":"WebSite","@id":"https:\/\/elhco.com\/ca\/#website","url":"https:\/\/elhco.com\/ca\/","name":"Elhco - Empresa de recubrimientos galv\u00e1nicos","description":"Tratamientos superficiales Elhco - Electroless Hard Coat","publisher":{"@id":"https:\/\/elhco.com\/ca\/#organization"},"alternateName":"Tratamientos superficiales Elhco - Electroless Hard Coat","potentialAction":[{"@type":"SearchAction","target":{"@type":"EntryPoint","urlTemplate":"https:\/\/elhco.com\/ca\/?s={search_term_string}"},"query-input":{"@type":"PropertyValueSpecification","valueRequired":true,"valueName":"search_term_string"}}],"inLanguage":"ca"},{"@type":"Organization","@id":"https:\/\/elhco.com\/ca\/#organization","name":"Elhco, electroless hard coat, S.A.","alternateName":"ELHCO","url":"https:\/\/elhco.com\/ca\/","logo":{"@type":"ImageObject","inLanguage":"ca","@id":"https:\/\/elhco.com\/ca\/#\/schema\/logo\/image\/","url":"https:\/\/elhco.com\/wp-content\/uploads\/logo-azul-web-retina.webp","contentUrl":"https:\/\/elhco.com\/wp-content\/uploads\/logo-azul-web-retina.webp","width":510,"height":200,"caption":"Elhco, electroless hard coat, S.A."},"image":{"@id":"https:\/\/elhco.com\/ca\/#\/schema\/logo\/image\/"}}]}},"_links":{"self":[{"href":"https:\/\/elhco.com\/ca\/wp-json\/wp\/v2\/pages\/6709","targetHints":{"allow":["GET"]}}],"collection":[{"href":"https:\/\/elhco.com\/ca\/wp-json\/wp\/v2\/pages"}],"about":[{"href":"https:\/\/elhco.com\/ca\/wp-json\/wp\/v2\/types\/page"}],"author":[{"embeddable":true,"href":"https:\/\/elhco.com\/ca\/wp-json\/wp\/v2\/users\/1"}],"replies":[{"embeddable":true,"href":"https:\/\/elhco.com\/ca\/wp-json\/wp\/v2\/comments?post=6709"}],"version-history":[{"count":0,"href":"https:\/\/elhco.com\/ca\/wp-json\/wp\/v2\/pages\/6709\/revisions"}],"wp:featuredmedia":[{"embeddable":true,"href":"https:\/\/elhco.com\/ca\/wp-json\/wp\/v2\/media\/6956"}],"wp:attachment":[{"href":"https:\/\/elhco.com\/ca\/wp-json\/wp\/v2\/media?parent=6709"}],"curies":[{"name":"wp","href":"https:\/\/api.w.org\/{rel}","templated":true}]}}